{"id":7,"date":"2019-02-26T13:20:29","date_gmt":"2019-02-26T13:20:29","guid":{"rendered":"https:\/\/masiaglass.com\/especialistas-cristal\/?page_id=7"},"modified":"2020-05-20T09:57:52","modified_gmt":"2020-05-20T09:57:52","slug":"inicio","status":"publish","type":"page","link":"https:\/\/masiaglass.com\/especialistas-cristal\/","title":{"rendered":"Inicio"},"content":{"rendered":"<p>[et_pb_section fb_built=\u00bb1&#8243; custom_padding_last_edited=\u00bboff|tablet\u00bb _builder_version=\u00bb3.22&#8243; custom_padding=\u00bb0px||60px\u00bb custom_padding_tablet=\u00bb||200px\u00bb][et_pb_row _builder_version=\u00bb3.25&#8243; background_size=\u00bbinitial\u00bb background_position=\u00bbtop_left\u00bb background_repeat=\u00bbrepeat\u00bb max_width=\u00bb1400px\u00bb use_custom_width=\u00bbon\u00bb custom_width_px=\u00bb1400px\u00bb][et_pb_column type=\u00bb4_4&#8243; _builder_version=\u00bb3.25&#8243; custom_padding=\u00bb|||\u00bb custom_padding__hover=\u00bb|||\u00bb][et_pb_text _builder_version=\u00bb4.4.6&#8243; text_font=\u00bb||||||||\u00bb custom_margin=\u00bb||0px\u00bb hover_enabled=\u00bb0&#8243; header_2_font=\u00bb|600|||||||\u00bb header_2_font_size=\u00bb35px\u00bb]<\/p>\n<h2 style=\"text-align: center;\">Bienvenido a <strong>Masiaglass<\/strong><\/h2>\n<p>[\/et_pb_text][et_pb_text _builder_version=\u00bb3.27.4&#8243; text_font=\u00bb||||||||\u00bb header_3_font=\u00bb||||||||\u00bb header_3_font_size=\u00bb20px\u00bb header_3_line_height=\u00bb2em\u00bb]<\/p>\n<h3 style=\"text-align: center;\">Queremos transmitirle total <strong>transparencia<\/strong> y <strong>seriedad<\/strong>, deseamos que se sienta c\u00f3modo navegando por nuestra web.<\/h3>\n<p>[\/et_pb_text][\/et_pb_column][\/et_pb_row][\/et_pb_section][et_pb_section fb_built=\u00bb1&#8243; _builder_version=\u00bb3.22&#8243; background_image=\u00bbhttps:\/\/masiaglass.com\/especialistas-cristal\/wp-content\/uploads\/2019\/04\/vidrio-aluminio-barandillas-trabajos-madrid.jpg\u00bb parallax=\u00bbon\u00bb][et_pb_row column_structure=\u00bb1_2,1_4,1_4&#8243; make_equal=\u00bbon\u00bb _builder_version=\u00bb3.25&#8243; background_size=\u00bbinitial\u00bb background_position=\u00bbtop_left\u00bb background_repeat=\u00bbrepeat\u00bb max_width=\u00bb1400px\u00bb use_custom_width=\u00bbon\u00bb custom_width_px=\u00bb1400px\u00bb][et_pb_column type=\u00bb1_2&#8243; module_class=\u00bbds-vertical-align\u00bb _builder_version=\u00bb3.25&#8243; custom_padding=\u00bb|||\u00bb custom_padding__hover=\u00bb|||\u00bb][et_pb_text _builder_version=\u00bb3.27.4&#8243; text_font=\u00bb||||||||\u00bb header_3_font=\u00bb||||||||\u00bb header_3_font_size=\u00bb20px\u00bb header_3_line_height=\u00bb2em\u00bb background_layout=\u00bbdark\u00bb]<\/p>\n<h3>Con <strong>m\u00e1s de 35 a\u00f1os de experiencia<\/strong> en el sector del<strong> vidrio y aluminio<\/strong>, Jos\u00e9 Masi\u00e1 decide dar un paso m\u00e1s y comienza a trabajar por su cuenta, as\u00ed nace <strong>Masiaglass S.L.<\/strong> en 2004, para satisfacer las necesidades de los clientes, tanto a nivel <strong>particular<\/strong> como <strong>empresa<\/strong>.<\/h3>\n<p>[\/et_pb_text][\/et_pb_column][et_pb_column type=\u00bb1_4&#8243; module_class=\u00bbds-vertical-align\u00bb _builder_version=\u00bb3.25&#8243; custom_padding=\u00bb|||\u00bb custom_padding__hover=\u00bb|||\u00bb][et_pb_image src=\u00bbhttps:\/\/masiaglass.com\/especialistas-cristal\/wp-content\/uploads\/2019\/02\/PAPA_mod-1.jpg\u00bb align=\u00bbcenter\u00bb align_tablet=\u00bbcenter\u00bb align_phone=\u00bb\u00bb align_last_edited=\u00bbon|desktop\u00bb _builder_version=\u00bb3.23&#8243; border_width_all=\u00bb8px\u00bb border_color_all=\u00bb#FFFFFF\u00bb]<br \/>\n[\/et_pb_image][\/et_pb_column][et_pb_column type=\u00bb1_4&#8243; module_class=\u00bbds-vertical-align\u00bb _builder_version=\u00bb3.25&#8243; custom_padding=\u00bb|||\u00bb custom_padding__hover=\u00bb|||\u00bb][et_pb_image src=\u00bbhttps:\/\/masiaglass.com\/especialistas-cristal\/wp-content\/uploads\/2019\/02\/JOSE-2.jpg\u00bb align=\u00bbcenter\u00bb align_tablet=\u00bbcenter\u00bb align_phone=\u00bb\u00bb align_last_edited=\u00bbon|desktop\u00bb _builder_version=\u00bb3.23&#8243; border_width_all=\u00bb8px\u00bb border_color_all=\u00bb#FFFFFF\u00bb]<br \/>\n[\/et_pb_image][\/et_pb_column][\/et_pb_row][\/et_pb_section][et_pb_section fb_built=\u00bb1&#8243; _builder_version=\u00bb3.22&#8243; background_color=\u00bb#f7f7f7&#8243; custom_padding=\u00bb30px||30px\u00bb bottom_divider_height=\u00bb36px\u00bb bottom_divider_flip=\u00bbvertical\u00bb][et_pb_row _builder_version=\u00bb3.25&#8243; background_size=\u00bbinitial\u00bb background_position=\u00bbtop_left\u00bb background_repeat=\u00bbrepeat\u00bb max_width=\u00bb1400px\u00bb use_custom_width=\u00bbon\u00bb custom_width_px=\u00bb1400px\u00bb][et_pb_column type=\u00bb4_4&#8243; _builder_version=\u00bb3.25&#8243; custom_padding=\u00bb|||\u00bb custom_padding__hover=\u00bb|||\u00bb][et_pb_text _builder_version=\u00bb3.27.4&#8243; text_font=\u00bb||||||||\u00bb header_3_font=\u00bb||||||||\u00bb header_3_font_size=\u00bb20px\u00bb header_3_line_height=\u00bb2em\u00bb]<\/p>\n<h3>La conformidad de nuestros clientes y su feedback, es lo m\u00e1s importante para nosotros, por eso en <strong>Masiaglass S.L.<\/strong> solo trabajamos con primeras marcas, tanto en <strong>herrajes<\/strong> como en el <strong>vidrio<\/strong>. En esta p\u00e1gina solo encontrar\u00e1 fotos de trabajos reales realizados por nosotros, somos especialistas en <strong>vidrio templado<\/strong> con el t\u00edtulo de <strong>instaladores oficiales del Grupo Vitec<\/strong>. Tenemos muy claro nuestros principios y los pilares que mantienen a esta empresa como la mejor opci\u00f3n del sector para cualquier tipo de servicio integral del vidrio. De ah\u00ed nuestro logo<\/h3>\n<p>[\/et_pb_text][\/et_pb_column][\/et_pb_row][\/et_pb_section][et_pb_section fb_built=\u00bb1&#8243; _builder_version=\u00bb3.22&#8243; custom_padding=\u00bb0px||0px\u00bb][et_pb_row use_custom_gutter=\u00bbon\u00bb gutter_width=\u00bb1&#8243; make_equal=\u00bbon\u00bb disabled_on=\u00bbon|on|\u00bb _builder_version=\u00bb3.25&#8243; background_size=\u00bbinitial\u00bb background_position=\u00bbtop_left\u00bb background_repeat=\u00bbrepeat\u00bb max_width=\u00bb1400px\u00bb use_custom_width=\u00bbon\u00bb custom_width_px=\u00bb1400px\u00bb][et_pb_column type=\u00bb4_4&#8243; module_class=\u00bbds-vertical-align\u00bb _builder_version=\u00bb3.25&#8243; custom_padding=\u00bb|||\u00bb custom_padding__hover=\u00bb|||\u00bb][et_pb_code _builder_version=\u00bb3.21.2&#8243; text_orientation=\u00bbcenter\u00bb z_index_tablet=\u00bb500&#8243;]<\/p>\n<div class=\"imageBox\"><!-- [et_pb_line_break_holder] -->  <\/p>\n<div class=\"imageInn\"><!-- [et_pb_line_break_holder] -->    <img decoding=\"async\" src=\"https:\/\/masiaglass.com\/especialistas-cristal\/wp-content\/uploads\/2019\/04\/cristalerias-01-hov.png\" alt=\"Default Image\" title=\"\"><!-- [et_pb_line_break_holder] -->  <\/div>\n<p><!-- [et_pb_line_break_holder] -->  <\/p>\n<div class=\"hoverImg\"><!-- [et_pb_line_break_holder] -->    <img decoding=\"async\" src=\"https:\/\/masiaglass.com\/especialistas-cristal\/wp-content\/uploads\/2019\/04\/cristalerias-02-hov.png\" alt=\"Profile Image\" title=\"\"><!-- [et_pb_line_break_holder] -->  <\/div>\n<p><!-- [et_pb_line_break_holder] --><\/div>\n<p>[\/et_pb_code][\/et_pb_column][\/et_pb_row][et_pb_row disabled_on=\u00bb||on\u00bb _builder_version=\u00bb3.25&#8243; module_alignment=\u00bbcenter\u00bb][et_pb_column type=\u00bb4_4&#8243; _builder_version=\u00bb3.25&#8243; custom_padding=\u00bb|||\u00bb custom_padding__hover=\u00bb|||\u00bb][et_pb_image src=\u00bbhttps:\/\/masiaglass.com\/especialistas-cristal\/wp-content\/uploads\/2019\/03\/instaladores-vidrio-masiaglass.png\u00bb align=\u00bbcenter\u00bb align_tablet=\u00bbcenter\u00bb align_phone=\u00bb\u00bb align_last_edited=\u00bbon|desktop\u00bb _builder_version=\u00bb4.4.6&#8243;]<br \/>\n[\/et_pb_image][et_pb_blurb title=\u00bbGarant\u00eda 5 Estrellas\u00bb use_icon=\u00bbon\u00bb font_icon=\u00bb%%49%%\u00bb icon_color=\u00bb#0455ed\u00bb icon_placement=\u00bbleft\u00bb content_max_width=\u00bb1100px\u00bb _builder_version=\u00bb3.20.2&#8243; header_font=\u00bb||||||||\u00bb header_text_align=\u00bbright\u00bb header_line_height=\u00bb1.6em\u00bb max_width=\u00bb90%\u00bb module_alignment=\u00bbcenter\u00bb custom_margin=\u00bb||10px\u00bb custom_padding=\u00bb||\u00bb][\/et_pb_blurb][et_pb_blurb title=\u00bbConformidad del cliente\u00bb use_icon=\u00bbon\u00bb font_icon=\u00bb%%49%%\u00bb icon_color=\u00bb#0455ed\u00bb icon_placement=\u00bbleft\u00bb content_max_width=\u00bb1100px\u00bb _builder_version=\u00bb3.20.2&#8243; header_font=\u00bb||||||||\u00bb header_line_height=\u00bb1.6em\u00bb max_width=\u00bb90%\u00bb module_alignment=\u00bbcenter\u00bb custom_margin=\u00bb||10px\u00bb custom_padding=\u00bb||\u00bb][\/et_pb_blurb][et_pb_blurb title=\u00bbCalidad-Precio\u00bb use_icon=\u00bbon\u00bb font_icon=\u00bb%%49%%\u00bb icon_color=\u00bb#0455ed\u00bb icon_placement=\u00bbleft\u00bb content_max_width=\u00bb1100px\u00bb _builder_version=\u00bb3.20.2&#8243; header_font=\u00bb||||||||\u00bb header_line_height=\u00bb1.6em\u00bb max_width=\u00bb90%\u00bb module_alignment=\u00bbcenter\u00bb custom_margin=\u00bb||10px\u00bb custom_padding=\u00bb||\u00bb][\/et_pb_blurb][et_pb_blurb title=\u00bbProfesionalidad\u00bb use_icon=\u00bbon\u00bb font_icon=\u00bb%%49%%\u00bb icon_color=\u00bb#0455ed\u00bb icon_placement=\u00bbleft\u00bb content_max_width=\u00bb1100px\u00bb _builder_version=\u00bb3.20.2&#8243; header_font=\u00bb||||||||\u00bb header_line_height=\u00bb1.6em\u00bb max_width=\u00bb90%\u00bb module_alignment=\u00bbcenter\u00bb custom_margin=\u00bb||10px\u00bb custom_padding=\u00bb||\u00bb][\/et_pb_blurb][\/et_pb_column][\/et_pb_row][\/et_pb_section][et_pb_section fb_built=\u00bb1&#8243; disabled_on=\u00bboff|off|off\u00bb _builder_version=\u00bb4.4.6&#8243; background_color=\u00bb#eeeeee\u00bb custom_margin=\u00bb0px||0px||false|false\u00bb custom_padding=\u00bb40px||0px||false|false\u00bb][et_pb_row _builder_version=\u00bb4.4.6&#8243; max_width=\u00bb2560px\u00bb custom_margin=\u00bb||0px||false|false\u00bb custom_padding=\u00bb0px||0px||false|false\u00bb][et_pb_column type=\u00bb4_4&#8243; _builder_version=\u00bb4.4.6&#8243;][et_pb_text _builder_version=\u00bb4.4.6&#8243; custom_margin=\u00bb||5px||false|false\u00bb custom_padding=\u00bb||0px||false|false\u00bb]<\/p>\n<h2>Vidrio y Acero<\/h2>\n<p>[\/et_pb_text][et_pb_divider color=\u00bb#0455ed\u00bb _builder_version=\u00bb4.4.6&#8243; width=\u00bb25%\u00bb module_alignment=\u00bbleft\u00bb custom_margin=\u00bb0px||0px||false|false\u00bb custom_padding=\u00bb0px||0px||false|false\u00bb][\/et_pb_divider][\/et_pb_column][\/et_pb_row][et_pb_row column_structure=\u00bb1_4,1_4,1_4,1_4&#8243; _builder_version=\u00bb4.4.6&#8243; max_width=\u00bb2560px\u00bb custom_padding=\u00bb5px||||false|false\u00bb][et_pb_column type=\u00bb1_4&#8243; _builder_version=\u00bb4.4.6&#8243;][et_pb_button button_url=\u00bbhttps:\/\/masiaglass.com\/especialistas-cristal\/vidrio-y-acero\/barandillas\/\u00bb button_text=\u00bbBarandillas\u00bb button_alignment=\u00bbcenter\u00bb _builder_version=\u00bb4.4.6&#8243; custom_button=\u00bbon\u00bb button_text_color=\u00bb#0455ed \u00bb button_border_width=\u00bb1px\u00bb button_border_color=\u00bb#0455ed \u00ab][\/et_pb_button][\/et_pb_column][et_pb_column type=\u00bb1_4&#8243; _builder_version=\u00bb4.4.6&#8243;][et_pb_button button_url=\u00bbhttps:\/\/masiaglass.com\/especialistas-cristal\/vidrio-y-acero\/interiorismo\/\u00bb button_text=\u00bbInteriorismo\u00bb button_alignment=\u00bbcenter\u00bb _builder_version=\u00bb4.4.6&#8243; custom_button=\u00bbon\u00bb button_text_color=\u00bb#0455ed \u00bb button_border_width=\u00bb1px\u00bb button_border_color=\u00bb#0455ed \u00ab][\/et_pb_button][\/et_pb_column][et_pb_column type=\u00bb1_4&#8243; _builder_version=\u00bb4.4.6&#8243;][et_pb_button button_url=\u00bbhttps:\/\/masiaglass.com\/especialistas-cristal\/vidrio-y-acero\/puertas\/\u00bb button_text=\u00bbPuertas\u00bb button_alignment=\u00bbcenter\u00bb _builder_version=\u00bb4.4.6&#8243; custom_button=\u00bbon\u00bb button_text_color=\u00bb#0455ed \u00bb button_border_width=\u00bb1px\u00bb button_border_color=\u00bb#0455ed \u00ab][\/et_pb_button][\/et_pb_column][et_pb_column type=\u00bb1_4&#8243; _builder_version=\u00bb4.4.6&#8243;][et_pb_button button_url=\u00bbhttps:\/\/masiaglass.com\/especialistas-cristal\/vidrio-y-acero\/comercios\/\u00bb button_text=\u00bbComercios\u00bb button_alignment=\u00bbcenter\u00bb _builder_version=\u00bb4.4.6&#8243; custom_button=\u00bbon\u00bb button_text_color=\u00bb#0455ed \u00bb button_border_width=\u00bb1px\u00bb button_border_color=\u00bb#0455ed \u00ab][\/et_pb_button][\/et_pb_column][\/et_pb_row][et_pb_row column_structure=\u00bb1_4,1_4,1_4,1_4&#8243; _builder_version=\u00bb4.4.6&#8243; width=\u00bb90%\u00bb max_width=\u00bb2560px\u00bb custom_padding=\u00bb5px||||false|false\u00bb][et_pb_column type=\u00bb1_4&#8243; _builder_version=\u00bb4.4.6&#8243;][et_pb_button button_url=\u00bbhttps:\/\/masiaglass.com\/especialistas-cristal\/vidrio-y-acero\/mamparas-de-oficina\/\u00bb button_text=\u00bbMamparas de Oficina\u00bb button_alignment=\u00bbcenter\u00bb _builder_version=\u00bb4.4.6&#8243; custom_button=\u00bbon\u00bb button_text_color=\u00bb#0455ed \u00bb button_border_width=\u00bb1px\u00bb button_border_color=\u00bb#0455ed \u00ab][\/et_pb_button][\/et_pb_column][et_pb_column type=\u00bb1_4&#8243; _builder_version=\u00bb4.4.6&#8243;][et_pb_button button_url=\u00bbhttps:\/\/masiaglass.com\/especialistas-cristal\/vidrio-y-acero\/mamparas-de-bano\/\u00bb button_text=\u00bbMamparas de Ba\u00f1o\u00bb button_alignment=\u00bbcenter\u00bb _builder_version=\u00bb4.4.6&#8243; custom_button=\u00bbon\u00bb button_text_color=\u00bb#0455ed \u00bb button_border_width=\u00bb1px\u00bb button_border_color=\u00bb#0455ed \u00ab][\/et_pb_button][\/et_pb_column][et_pb_column type=\u00bb1_4&#8243; _builder_version=\u00bb4.4.6&#8243;][et_pb_button button_url=\u00bbhttps:\/\/masiaglass.com\/especialistas-cristal\/vidrio-y-acero\/leds-y-pegado-uv\/\u00bb button_text=\u00bbLeds y Pegado UV\u00bb button_alignment=\u00bbcenter\u00bb _builder_version=\u00bb4.4.6&#8243; custom_button=\u00bbon\u00bb button_text_color=\u00bb#0455ed \u00bb button_border_width=\u00bb1px\u00bb button_border_color=\u00bb#0455ed \u00ab][\/et_pb_button][\/et_pb_column][et_pb_column type=\u00bb1_4&#8243; _builder_version=\u00bb4.4.6&#8243;][et_pb_button button_url=\u00bbhttps:\/\/masiaglass.com\/especialistas-cristal\/contacto\/\u00bb button_text=\u00bbMamparas COVID 19&#8243; button_alignment=\u00bbcenter\u00bb _builder_version=\u00bb4.4.6&#8243; custom_button=\u00bbon\u00bb button_text_color=\u00bb#0455ed \u00bb button_border_width=\u00bb1px\u00bb button_border_color=\u00bb#0455ed \u00ab][\/et_pb_button][\/et_pb_column][\/et_pb_row][et_pb_row _builder_version=\u00bb4.4.6&#8243; width=\u00bb90%\u00bb max_width=\u00bb2560px\u00bb custom_padding=\u00bb||0px||false|false\u00bb][et_pb_column type=\u00bb4_4&#8243; _builder_version=\u00bb4.4.6&#8243;][et_pb_text _builder_version=\u00bb4.4.6&#8243; custom_margin=\u00bb||5px||false|false\u00bb custom_padding=\u00bb||0px||false|false\u00bb]<\/p>\n<h2>Aluminio y Cerrajer\u00eda<\/h2>\n<p>[\/et_pb_text][et_pb_divider color=\u00bb#0455ed\u00bb _builder_version=\u00bb4.4.6&#8243; width=\u00bb25%\u00bb module_alignment=\u00bbleft\u00bb custom_margin=\u00bb0px||0px||false|false\u00bb custom_padding=\u00bb0px||0px||false|false\u00bb][\/et_pb_divider][\/et_pb_column][\/et_pb_row][et_pb_row column_structure=\u00bb1_3,1_3,1_3&#8243; _builder_version=\u00bb4.4.6&#8243; width=\u00bb90%\u00bb max_width=\u00bb2560px\u00bb custom_padding=\u00bb5px||||false|false\u00bb][et_pb_column type=\u00bb1_3&#8243; _builder_version=\u00bb4.4.6&#8243;][et_pb_button button_url=\u00bbhttps:\/\/masiaglass.com\/especialistas-cristal\/aluminio-y-cerrajeria\/ventanas-y-puertas\/\u00bb button_text=\u00bbVentanas y Puertas\u00bb button_alignment=\u00bbcenter\u00bb _builder_version=\u00bb4.4.6&#8243; custom_button=\u00bbon\u00bb button_text_color=\u00bb#0455ed \u00bb button_border_width=\u00bb1px\u00bb button_border_color=\u00bb#0455ed \u00ab][\/et_pb_button][\/et_pb_column][et_pb_column type=\u00bb1_3&#8243; _builder_version=\u00bb4.4.6&#8243;][et_pb_button button_url=\u00bbhttps:\/\/masiaglass.com\/especialistas-cristal\/aluminio-y-cerrajeria\/cortinas-vidrio\/\u00bb button_text=\u00bbCortinas Vidrio\u00bb button_alignment=\u00bbcenter\u00bb _builder_version=\u00bb4.4.6&#8243; custom_button=\u00bbon\u00bb button_text_color=\u00bb#0455ed \u00bb button_border_width=\u00bb1px\u00bb button_border_color=\u00bb#0455ed \u00ab][\/et_pb_button][\/et_pb_column][et_pb_column type=\u00bb1_3&#8243; _builder_version=\u00bb4.4.6&#8243;][et_pb_button button_url=\u00bbhttps:\/\/masiaglass.com\/especialistas-cristal\/aluminio-y-cerrajeria\/cerramientos\/\u00bb button_text=\u00bbCerramientos\u00bb button_alignment=\u00bbcenter\u00bb _builder_version=\u00bb4.4.6&#8243; custom_button=\u00bbon\u00bb button_text_color=\u00bb#0455ed \u00bb button_border_width=\u00bb1px\u00bb button_border_color=\u00bb#0455ed \u00ab][\/et_pb_button][\/et_pb_column][\/et_pb_row][\/et_pb_section]<\/p>\n","protected":false},"excerpt":{"rendered":"<p>Bienvenido a Masiaglass Queremos transmitirle total&#8230;<\/p>\n","protected":false},"author":2,"featured_media":0,"parent":0,"menu_order":0,"comment_status":"closed","ping_status":"closed","template":"template-builder.php","meta":{"_et_pb_use_builder":"on","_et_pb_old_content":"<!-- wp:paragraph -->\r\n<p>Bienvenido a Masiaglass, queremos transmitirle total transparencia y seriedad, deseamos que se sienta c\u00f3modo navegando por nuestra web.<\/p>\r\n<!-- \/wp:paragraph --><!-- wp:paragraph -->\r\n<p>Con m\u00e1s de 35 a\u00f1os de experiencia en el sector del vidrio y aluminio, Jos\u00e9 Masia siente la inquietud de mejorar lo ya conocido, as\u00ed nace Masiaglass S.L. en 2004, para satisfacer las necesidades de los clientes, tanto a nivel particular como empresa.<\/p>\r\n<!-- \/wp:paragraph --><!-- wp:paragraph -->\r\n<p>FOTOGRAF\u00cdA DE LOS DUE\u00d1OS<\/p>\r\n<!-- \/wp:paragraph --><!-- wp:paragraph -->\r\n<p>La conformidad de nuestros clientes y su feedback, es lo m\u00e1s importante para nosotros, por eso en Masiaglass S.L. solo trabajamos con primeras marcas, tanto en herrajes como en el vidrio. En esta p\u00e1gina solo encontrara fotos de trabajos reales realizados por nosotros, somos especialistas en vidrio templado con el t\u00edtulo de instaladores oficiales del Grupo Vitec.<\/p>\r\n<!-- \/wp:paragraph --><!-- wp:paragraph -->\r\n<p>Tenemos muy claro nuestros principios y los pilares que mantienen a esta empresa como la mejor opci\u00f3n del sector para cualquier tipo de servicio integral del vidrio. De ah\u00ed nuestro logo<\/p>\r\n<!-- \/wp:paragraph --><!-- wp:paragraph -->\r\n<p>\u00a0\u00a0\u00a0\u00a0\u00a0\u00a0\u00a0\u00a0\u00a0\u00a0\u00a0\u00a0\u00a0\u00a0\u00a0\u00a0\u00a0\u00a0\u00a0\u00a0\u00a0\u00a0\u00a0\u00a0\u00a0\u00a0\u00a0\u00a0\u00a0\u00a0\u00a0\u00a0\u00a0\u00a0\u00a0\u00a0\u00a0\u00a0\u00a0\u00a0\u00a0\u00a0\u00a0\u00a0\u00a0\u00a0\u00a0\u00a0\u00a0\u00a0\u00a0\u00a0\u00a0\u00a0\u00a0\u00a0\u00a0\u00a0\u00a0\u00a0\u00a0\u00a0\u00a0\u00a0\u00a0 Garantia 5 ESTRELLAS<\/p>\r\n<!-- \/wp:paragraph --><!-- wp:paragraph -->\r\n<p>CON GR\u00c1FICO<\/p>\r\n<!-- \/wp:paragraph --><!-- wp:paragraph -->\r\n<p>\u00a0<\/p>\r\n<!-- \/wp:paragraph --><!-- wp:paragraph -->\r\n<p>\u00a0<\/p>\r\n<!-- \/wp:paragraph --><!-- wp:paragraph -->\r\n<p>\u00a0<\/p>\r\n<!-- \/wp:paragraph -->","_et_gb_content_width":"","footnotes":""},"class_list":["post-7","page","type-page","status-publish","hentry"],"_links":{"self":[{"href":"https:\/\/masiaglass.com\/especialistas-cristal\/wp-json\/wp\/v2\/pages\/7","targetHints":{"allow":["GET"]}}],"collection":[{"href":"https:\/\/masiaglass.com\/especialistas-cristal\/wp-json\/wp\/v2\/pages"}],"about":[{"href":"https:\/\/masiaglass.com\/especialistas-cristal\/wp-json\/wp\/v2\/types\/page"}],"author":[{"embeddable":true,"href":"https:\/\/masiaglass.com\/especialistas-cristal\/wp-json\/wp\/v2\/users\/2"}],"replies":[{"embeddable":true,"href":"https:\/\/masiaglass.com\/especialistas-cristal\/wp-json\/wp\/v2\/comments?post=7"}],"version-history":[{"count":0,"href":"https:\/\/masiaglass.com\/especialistas-cristal\/wp-json\/wp\/v2\/pages\/7\/revisions"}],"wp:attachment":[{"href":"https:\/\/masiaglass.com\/especialistas-cristal\/wp-json\/wp\/v2\/media?parent=7"}],"curies":[{"name":"wp","href":"https:\/\/api.w.org\/{rel}","templated":true}]}}